{"id":218,"date":"2024-12-23T08:11:28","date_gmt":"2024-12-23T08:11:28","guid":{"rendered":"https:\/\/anetachocolates.me\/?post_type=product&#038;p=218"},"modified":"2024-12-23T13:43:22","modified_gmt":"2024-12-23T13:43:22","slug":"bombonjera-sa-jagodom","status":"publish","type":"product","link":"https:\/\/anetachocolates.me\/?product=bombonjera-sa-jagodom","title":{"rendered":"BOMBONJERA SA JAGODOM"},"content":{"rendered":"","protected":false},"excerpt":{"rendered":"<p>Zahvaljuju\u0107i flavonoidima i antioksidansima kojima obiluju crna \u010dokolada i jagode njihovo kombinovanje nutricionisti vi\u0161e ne vide kao &#8220;grijeh&#8221;<\/p>\n","protected":false},"featured_media":220,"comment_status":"open","ping_status":"closed","template":"","meta":{"pagelayer_contact_templates":[],"_pagelayer_content":""},"product_cat":[44],"product_tag":[],"class_list":{"0":"post-218","1":"product","2":"type-product","3":"status-publish","4":"has-post-thumbnail","6":"product_cat-bombonjere","8":"first","9":"instock","10":"shipping-taxable","11":"purchasable","12":"product-type-simple"},"_links":{"self":[{"href":"https:\/\/anetachocolates.me\/index.php?rest_route=\/wp\/v2\/product\/218","targetHints":{"allow":["GET"]}}],"collection":[{"href":"https:\/\/anetachocolates.me\/index.php?rest_route=\/wp\/v2\/product"}],"about":[{"href":"https:\/\/anetachocolates.me\/index.php?rest_route=\/wp\/v2\/types\/product"}],"replies":[{"embeddable":true,"href":"https:\/\/anetachocolates.me\/index.php?rest_route=%2Fwp%2Fv2%2Fcomments&post=218"}],"wp:featuredmedia":[{"embeddable":true,"href":"https:\/\/anetachocolates.me\/index.php?rest_route=\/wp\/v2\/media\/220"}],"wp:attachment":[{"href":"https:\/\/anetachocolates.me\/index.php?rest_route=%2Fwp%2Fv2%2Fmedia&parent=218"}],"wp:term":[{"taxonomy":"product_cat","embeddable":true,"href":"https:\/\/anetachocolates.me\/index.php?rest_route=%2Fwp%2Fv2%2Fproduct_cat&post=218"},{"taxonomy":"product_tag","embeddable":true,"href":"https:\/\/anetachocolates.me\/index.php?rest_route=%2Fwp%2Fv2%2Fproduct_tag&post=218"}],"curies":[{"name":"wp","href":"https:\/\/api.w.org\/{rel}","templated":true}]}}