{"id":114,"date":"2024-11-21T12:50:07","date_gmt":"2024-11-21T12:50:07","guid":{"rendered":"https:\/\/anetachocolates.me\/?page_id=114"},"modified":"2024-12-24T12:52:40","modified_gmt":"2024-12-24T12:52:40","slug":"home","status":"publish","type":"page","link":"https:\/\/anetachocolates.me\/","title":{"rendered":"Home"},"content":{"rendered":"<h2>NA\u0160A PRI\u010cA<\/h2>\n\n<p>Aneta Chocolates je dokaz da iskrena ljubav prema \u010dokoladi \u010dini \u010duda.&nbsp;<\/p>\n<p>Za li\u010dnostm, za porodicu, za dru\u0161tvo.<\/p>\n<p><br><\/p>\n<p>Kroz umjetnost izrade \u010dokoladnih pralina i craft \u010dokolade, brend Aneta Chocolates pri\u010da o \u017eivotnoj snazi i podr\u0161ci, volji i upornosti.<\/p>\n<p><br><\/p><h5>Aneta Chocolates<\/h5>\n<h2>oVO SU NA\u0160I PROIZVODI<\/h2>","protected":false},"excerpt":{"rendered":"","protected":false},"author":1,"featured_media":0,"parent":0,"menu_order":0,"comment_status":"closed","ping_status":"closed","template":"","meta":{"pagelayer_contact_templates":[],"_pagelayer_content":"","footnotes":""},"class_list":["post-114","page","type-page","status-publish","hentry"],"_links":{"self":[{"href":"https:\/\/anetachocolates.me\/index.php?rest_route=\/wp\/v2\/pages\/114","targetHints":{"allow":["GET"]}}],"collection":[{"href":"https:\/\/anetachocolates.me\/index.php?rest_route=\/wp\/v2\/pages"}],"about":[{"href":"https:\/\/anetachocolates.me\/index.php?rest_route=\/wp\/v2\/types\/page"}],"author":[{"embeddable":true,"href":"https:\/\/anetachocolates.me\/index.php?rest_route=\/wp\/v2\/users\/1"}],"replies":[{"embeddable":true,"href":"https:\/\/anetachocolates.me\/index.php?rest_route=%2Fwp%2Fv2%2Fcomments&post=114"}],"version-history":[{"count":30,"href":"https:\/\/anetachocolates.me\/index.php?rest_route=\/wp\/v2\/pages\/114\/revisions"}],"predecessor-version":[{"id":340,"href":"https:\/\/anetachocolates.me\/index.php?rest_route=\/wp\/v2\/pages\/114\/revisions\/340"}],"wp:attachment":[{"href":"https:\/\/anetachocolates.me\/index.php?rest_route=%2Fwp%2Fv2%2Fmedia&parent=114"}],"curies":[{"name":"wp","href":"https:\/\/api.w.org\/{rel}","templated":true}]}}